{"id":100,"date":"2021-11-16T16:19:32","date_gmt":"2021-11-16T16:19:32","guid":{"rendered":"http:\/\/cliniqueinternationale-agadir.com\/?page_id=100"},"modified":"2021-11-16T16:55:12","modified_gmt":"2021-11-16T16:55:12","slug":"les-specialites","status":"publish","type":"page","link":"https:\/\/cliniqueinternationale-agadir.com\/index.php\/les-specialites\/","title":{"rendered":"Les sp\u00e9cialit\u00e9s"},"content":{"rendered":"\n<p>La Clinique Internationale dispose des sp\u00e9cialit\u00e9s suivantes :<\/p>\n\n\n\n<p><img loading=\"lazy\" width=\"512\" height=\"512\" class=\"wp-image-112\" style=\"width: 50px;\" src=\"http:\/\/cliniqueinternationale-agadir.com\/wp-content\/uploads\/2021\/11\/mri.png\" alt=\"\" srcset=\"https:\/\/cliniqueinternationale-agadir.com\/wp-content\/uploads\/2021\/11\/mri.png 512w, https:\/\/cliniqueinternationale-agadir.com\/wp-content\/uploads\/2021\/11\/mri-300x300.png 300w, https:\/\/cliniqueinternationale-agadir.com\/wp-content\/uploads\/2021\/11\/mri-150x150.png 150w\" sizes=\"(max-width: 512px) 100vw, 512px\" \/>Scanner &#8211; Echographie &#8211; Radiologie<\/p>\n\n\n\n<p><img loading=\"lazy\" width=\"512\" height=\"512\" class=\"wp-image-113\" style=\"width: 50px;\" src=\"http:\/\/cliniqueinternationale-agadir.com\/wp-content\/uploads\/2021\/11\/traumatology.png\" alt=\"\" srcset=\"https:\/\/cliniqueinternationale-agadir.com\/wp-content\/uploads\/2021\/11\/traumatology.png 512w, https:\/\/cliniqueinternationale-agadir.com\/wp-content\/uploads\/2021\/11\/traumatology-300x300.png 300w, https:\/\/cliniqueinternationale-agadir.com\/wp-content\/uploads\/2021\/11\/traumatology-150x150.png 150w\" sizes=\"(max-width: 512px) 100vw, 512px\" \/>Traumatologie &#8211; Orthop\u00e9die<\/p>\n\n\n\n<p><img loading=\"lazy\" width=\"1200\" height=\"1200\" class=\"wp-image-111\" style=\"width: 50px;\" src=\"http:\/\/cliniqueinternationale-agadir.com\/wp-content\/uploads\/2021\/11\/noun_Oncology_594.png\" alt=\"\" srcset=\"https:\/\/cliniqueinternationale-agadir.com\/wp-content\/uploads\/2021\/11\/noun_Oncology_594.png 1200w, https:\/\/cliniqueinternationale-agadir.com\/wp-content\/uploads\/2021\/11\/noun_Oncology_594-300x300.png 300w, https:\/\/cliniqueinternationale-agadir.com\/wp-content\/uploads\/2021\/11\/noun_Oncology_594-1024x1024.png 1024w, https:\/\/cliniqueinternationale-agadir.com\/wp-content\/uploads\/2021\/11\/noun_Oncology_594-150x150.png 150w, https:\/\/cliniqueinternationale-agadir.com\/wp-content\/uploads\/2021\/11\/noun_Oncology_594-768x768.png 768w\" sizes=\"(max-width: 1200px) 100vw, 1200px\" \/>Chirurgie visc\u00e9rale et oncologique<\/p>\n\n\n\n<p><img loading=\"lazy\" width=\"512\" height=\"512\" class=\"wp-image-151\" style=\"width: 50px;\" src=\"http:\/\/cliniqueinternationale-agadir.com\/wp-content\/uploads\/2021\/11\/gynecology.png\" alt=\"\" srcset=\"https:\/\/cliniqueinternationale-agadir.com\/wp-content\/uploads\/2021\/11\/gynecology.png 512w, https:\/\/cliniqueinternationale-agadir.com\/wp-content\/uploads\/2021\/11\/gynecology-300x300.png 300w, https:\/\/cliniqueinternationale-agadir.com\/wp-content\/uploads\/2021\/11\/gynecology-150x150.png 150w\" sizes=\"(max-width: 512px) 100vw, 512px\" \/>Gyn\u00e9cologie &#8211; accouchements<\/p>\n\n\n\n<p><img loading=\"lazy\" width=\"512\" height=\"512\" class=\"wp-image-109\" style=\"width: 50px;\" src=\"http:\/\/cliniqueinternationale-agadir.com\/wp-content\/uploads\/2021\/11\/kidneys.png\" alt=\"\" srcset=\"https:\/\/cliniqueinternationale-agadir.com\/wp-content\/uploads\/2021\/11\/kidneys.png 512w, https:\/\/cliniqueinternationale-agadir.com\/wp-content\/uploads\/2021\/11\/kidneys-300x300.png 300w, https:\/\/cliniqueinternationale-agadir.com\/wp-content\/uploads\/2021\/11\/kidneys-150x150.png 150w\" sizes=\"(max-width: 512px) 100vw, 512px\" \/>Chirurgie urologique<\/p>\n\n\n\n<p><img loading=\"lazy\" width=\"512\" height=\"512\" class=\"wp-image-115\" style=\"width: 50px;\" src=\"http:\/\/cliniqueinternationale-agadir.com\/wp-content\/uploads\/2021\/11\/neurology-1.png\" alt=\"\" srcset=\"https:\/\/cliniqueinternationale-agadir.com\/wp-content\/uploads\/2021\/11\/neurology-1.png 512w, https:\/\/cliniqueinternationale-agadir.com\/wp-content\/uploads\/2021\/11\/neurology-1-300x300.png 300w, https:\/\/cliniqueinternationale-agadir.com\/wp-content\/uploads\/2021\/11\/neurology-1-150x150.png 150w\" sizes=\"(max-width: 512px) 100vw, 512px\" \/>Neurologie\/neurochirurgie<\/p>\n\n\n\n<p><img loading=\"lazy\" width=\"193\" height=\"173\" class=\"wp-image-117\" style=\"width: 50px;\" src=\"http:\/\/cliniqueinternationale-agadir.com\/wp-content\/uploads\/2021\/11\/g930.png\" alt=\"\">Chirurgie maxillo-faciale<\/p>\n\n\n\n<p><img loading=\"lazy\" width=\"701\" height=\"854\" class=\"wp-image-118\" style=\"width: 50px;\" src=\"http:\/\/cliniqueinternationale-agadir.com\/wp-content\/uploads\/2021\/11\/toppng.com-ear-nose-throat-section-svg-icon-free-ear-nose-throat-icon-804x980-1.png\" alt=\"\" srcset=\"https:\/\/cliniqueinternationale-agadir.com\/wp-content\/uploads\/2021\/11\/toppng.com-ear-nose-throat-section-svg-icon-free-ear-nose-throat-icon-804x980-1.png 701w, https:\/\/cliniqueinternationale-agadir.com\/wp-content\/uploads\/2021\/11\/toppng.com-ear-nose-throat-section-svg-icon-free-ear-nose-throat-icon-804x980-1-246x300.png 246w\" sizes=\"(max-width: 701px) 100vw, 701px\" \/>Otorhinolaryngologie<\/p>\n\n\n\n<p><img loading=\"lazy\" width=\"362\" height=\"512\" class=\"wp-image-104\" style=\"width: 50px;\" src=\"http:\/\/cliniqueinternationale-agadir.com\/wp-content\/uploads\/2021\/11\/plastic-surgery.png\" alt=\"\" srcset=\"https:\/\/cliniqueinternationale-agadir.com\/wp-content\/uploads\/2021\/11\/plastic-surgery.png 362w, https:\/\/cliniqueinternationale-agadir.com\/wp-content\/uploads\/2021\/11\/plastic-surgery-212x300.png 212w\" sizes=\"(max-width: 362px) 100vw, 362px\" \/>Chirurgie esth\u00e9tique et plastique<\/p>\n\n\n\n<p><img loading=\"lazy\" width=\"512\" height=\"486\" class=\"wp-image-119\" style=\"width: 50px;\" src=\"http:\/\/cliniqueinternationale-agadir.com\/wp-content\/uploads\/2021\/11\/child-care.png\" alt=\"\" srcset=\"https:\/\/cliniqueinternationale-agadir.com\/wp-content\/uploads\/2021\/11\/child-care.png 512w, https:\/\/cliniqueinternationale-agadir.com\/wp-content\/uploads\/2021\/11\/child-care-300x285.png 300w\" sizes=\"(max-width: 512px) 100vw, 512px\" \/>Chirurgie infantile<\/p>\n\n\n\n<p><img loading=\"lazy\" width=\"464\" height=\"449\" class=\"wp-image-143\" style=\"width: 50px;\" src=\"http:\/\/cliniqueinternationale-agadir.com\/wp-content\/uploads\/2021\/11\/noun_Reanimation_854432-2.png\" alt=\"\" srcset=\"https:\/\/cliniqueinternationale-agadir.com\/wp-content\/uploads\/2021\/11\/noun_Reanimation_854432-2.png 464w, https:\/\/cliniqueinternationale-agadir.com\/wp-content\/uploads\/2021\/11\/noun_Reanimation_854432-2-300x290.png 300w\" sizes=\"(max-width: 464px) 100vw, 464px\" \/>R\u00e9animation m\u00e9dico-chirurgicale<\/p>\n\n\n\n<p><img loading=\"lazy\" width=\"512\" height=\"512\" class=\"wp-image-120\" style=\"width: 50px;\" src=\"http:\/\/cliniqueinternationale-agadir.com\/wp-content\/uploads\/2021\/11\/doctor-1.png\" alt=\"\" srcset=\"https:\/\/cliniqueinternationale-agadir.com\/wp-content\/uploads\/2021\/11\/doctor-1.png 512w, https:\/\/cliniqueinternationale-agadir.com\/wp-content\/uploads\/2021\/11\/doctor-1-300x300.png 300w, https:\/\/cliniqueinternationale-agadir.com\/wp-content\/uploads\/2021\/11\/doctor-1-150x150.png 150w\" sizes=\"(max-width: 512px) 100vw, 512px\" \/>M\u00e9decine g\u00e9n\u00e9rale<\/p>\n\n\n\n<p><\/p>\n","protected":false},"excerpt":{"rendered":"<p>La Clinique Internationale dispose des sp\u00e9cialit\u00e9s suivantes : Scanner &#8211; Echographie &#8211; Radiologie Traumatologie &#8211; Orthop\u00e9die Chirurgie visc\u00e9rale et oncologique [&hellip;]<\/p>\n","protected":false},"author":1,"featured_media":0,"parent":0,"menu_order":0,"comment_status":"closed","ping_status":"closed","template":"","meta":[],"_links":{"self":[{"href":"https:\/\/cliniqueinternationale-agadir.com\/index.php\/wp-json\/wp\/v2\/pages\/100"}],"collection":[{"href":"https:\/\/cliniqueinternationale-agadir.com\/index.php\/wp-json\/wp\/v2\/pages"}],"about":[{"href":"https:\/\/cliniqueinternationale-agadir.com\/index.php\/wp-json\/wp\/v2\/types\/page"}],"author":[{"embeddable":true,"href":"https:\/\/cliniqueinternationale-agadir.com\/index.php\/wp-json\/wp\/v2\/users\/1"}],"replies":[{"embeddable":true,"href":"https:\/\/cliniqueinternationale-agadir.com\/index.php\/wp-json\/wp\/v2\/comments?post=100"}],"version-history":[{"count":6,"href":"https:\/\/cliniqueinternationale-agadir.com\/index.php\/wp-json\/wp\/v2\/pages\/100\/revisions"}],"predecessor-version":[{"id":153,"href":"https:\/\/cliniqueinternationale-agadir.com\/index.php\/wp-json\/wp\/v2\/pages\/100\/revisions\/153"}],"wp:attachment":[{"href":"https:\/\/cliniqueinternationale-agadir.com\/index.php\/wp-json\/wp\/v2\/media?parent=100"}],"curies":[{"name":"wp","href":"https:\/\/api.w.org\/{rel}","templated":true}]}}