{"id":2,"date":"2021-06-24T07:43:05","date_gmt":"2021-06-24T07:43:05","guid":{"rendered":"http:\/\/cliniqueinternationale-agadir.com\/?page_id=2"},"modified":"2021-10-28T07:46:30","modified_gmt":"2021-10-28T07:46:30","slug":"sample-page","status":"publish","type":"page","link":"https:\/\/cliniqueinternationale-agadir.com\/","title":{"rendered":"Accueil"},"content":{"rendered":"\n<p><strong>La Clinique Internationale<\/strong>\u00a0est un \u00e9tablissement de soins priv\u00e9 situ\u00e9 au c\u0153ur d&rsquo;<strong>Agadir.<\/strong><\/p>\n\n\n\n<p>La conception du b\u00e2timent se veut intelligente et ergonomique, favorisant les \u00e9changes et le travail interdisciplinaire et optimisant la gestion des flux fonctionnels (patients, visiteurs, personnel\u2026.) et des espaces hospitaliers et ambulatoires.&nbsp;<\/p>\n\n\n\n<p><strong>Le patient au centre de la conception\u00a0<br><br><\/strong>Inaugur\u00e9e en juin 2021,\u00a0<strong>la Clinique Internationale<\/strong>\u00a0accueille les patients dans un environnement r\u00e9pondant aux exigences de fonctionnalit\u00e9, d\u2019organisation hospitali\u00e8re et de modernit\u00e9. Elle offre, en effet, des soins sp\u00e9cialis\u00e9s et personnalis\u00e9s au sein d\u2019un cadre h\u00f4telier de grande qualit\u00e9 et de p\u00f4les d\u2019excellence accessibles \u00e0 tous.\u00a0<strong>La Clinique Internationale<\/strong>\u00a0est engag\u00e9e dans une d\u00e9marche qualit\u00e9 en vue d\u2019une\u00a0<strong>certification ISO 9001<\/strong>, version 2015. Des conventions, permettant une prise en charge optimale des frais de soin des patients, ont \u00e9t\u00e9 conclues avec des organismes publics et des institutions priv\u00e9es\u00a0<\/p>\n\n\n\n<p><strong>Vous Soigner est Notre Occupation mais Vous Soigner Efficacement reste Notre Pr\u00e9occupation<\/strong><\/p>\n","protected":false},"excerpt":{"rendered":"<p>La Clinique Internationale\u00a0est un \u00e9tablissement de soins priv\u00e9 situ\u00e9 au c\u0153ur d&rsquo;Agadir. La conception du b\u00e2timent se veut intelligente et [&hellip;]<\/p>\n","protected":false},"author":1,"featured_media":0,"parent":0,"menu_order":0,"comment_status":"closed","ping_status":"open","template":"template-fullscreen-slider.php","meta":[],"_links":{"self":[{"href":"https:\/\/cliniqueinternationale-agadir.com\/index.php\/wp-json\/wp\/v2\/pages\/2"}],"collection":[{"href":"https:\/\/cliniqueinternationale-agadir.com\/index.php\/wp-json\/wp\/v2\/pages"}],"about":[{"href":"https:\/\/cliniqueinternationale-agadir.com\/index.php\/wp-json\/wp\/v2\/types\/page"}],"author":[{"embeddable":true,"href":"https:\/\/cliniqueinternationale-agadir.com\/index.php\/wp-json\/wp\/v2\/users\/1"}],"replies":[{"embeddable":true,"href":"https:\/\/cliniqueinternationale-agadir.com\/index.php\/wp-json\/wp\/v2\/comments?post=2"}],"version-history":[{"count":4,"href":"https:\/\/cliniqueinternationale-agadir.com\/index.php\/wp-json\/wp\/v2\/pages\/2\/revisions"}],"predecessor-version":[{"id":92,"href":"https:\/\/cliniqueinternationale-agadir.com\/index.php\/wp-json\/wp\/v2\/pages\/2\/revisions\/92"}],"wp:attachment":[{"href":"https:\/\/cliniqueinternationale-agadir.com\/index.php\/wp-json\/wp\/v2\/media?parent=2"}],"curies":[{"name":"wp","href":"https:\/\/api.w.org\/{rel}","templated":true}]}}