{"id":50,"date":"2021-06-24T08:52:53","date_gmt":"2021-06-24T08:52:53","guid":{"rendered":"http:\/\/cliniqueinternationale-agadir.com\/?page_id=50"},"modified":"2021-11-12T13:28:37","modified_gmt":"2021-11-12T13:28:37","slug":"qui-sommes-nous","status":"publish","type":"page","link":"https:\/\/cliniqueinternationale-agadir.com\/index.php\/qui-sommes-nous\/","title":{"rendered":"Qui sommes-nous ?"},"content":{"rendered":"\n<p>La Clinique Internationale\u00a0est\u00a0une clinique multidisciplinaire \u00e0 Agadir \u00e9tal\u00e9e sur 4 niveaux, deux sous-sol, un rez-de-chauss\u00e9e, un \u00e9tage. Elle dispose par ailleurs de 4 blocs op\u00e9ratoires avec des plateaux techniques modernes pour diff\u00e9rentes prestations m\u00e9dico-chirurgicales.<\/p>\n\n\n\n<p>Depuis son ouverture en 2021, la clinique a d\u00e9velopp\u00e9 son offre de soins avec des \u00e9quipes performantes pour une prise en charge compl\u00e8te et globale de ses patients.<\/p>\n\n\n\n<p>La\u00a0Clinique\u00a0Internationale d&rsquo;Agadir\u00a0s\u2019engage \u00e0 vous offrir une m\u00e9decine de haut niveau et une prise en charge int\u00e9gr\u00e9e et personnalis\u00e9e 2 salles d\u2019attente, spacieuse, soigneusement meubl\u00e9e et bien\u00a0\u00e9clair\u00e9es, faisant suite \u00e0 une entr\u00e9e gaie, verdoyante, apaisante participant au bien-\u00eatre des patients. Le service des urgences est fonctionnel 24 h\/24 h, des m\u00e9decins urgentistes couvrent la garde 7 jours sur 7.\u00a0 lequel service des urgences est situ\u00e9 sur la fa\u00e7ade post\u00e9rieure de la clinique, du\u00a0c\u00f4t\u00e9\u00a0de la rue, diam\u00e9tralement oppose au boulevard.<\/p>\n\n\n\n<p>Le staff du corps m\u00e9dical est compos\u00e9 d\u2019imminents m\u00e9decins comp\u00e9tents et responsables. <\/p>\n","protected":false},"excerpt":{"rendered":"<p>La Clinique Internationale\u00a0est\u00a0une clinique multidisciplinaire \u00e0 Agadir \u00e9tal\u00e9e sur 4 niveaux, deux sous-sol, un rez-de-chauss\u00e9e, un \u00e9tage. Elle dispose par [&hellip;]<\/p>\n","protected":false},"author":1,"featured_media":0,"parent":0,"menu_order":0,"comment_status":"closed","ping_status":"closed","template":"","meta":[],"_links":{"self":[{"href":"https:\/\/cliniqueinternationale-agadir.com\/index.php\/wp-json\/wp\/v2\/pages\/50"}],"collection":[{"href":"https:\/\/cliniqueinternationale-agadir.com\/index.php\/wp-json\/wp\/v2\/pages"}],"about":[{"href":"https:\/\/cliniqueinternationale-agadir.com\/index.php\/wp-json\/wp\/v2\/types\/page"}],"author":[{"embeddable":true,"href":"https:\/\/cliniqueinternationale-agadir.com\/index.php\/wp-json\/wp\/v2\/users\/1"}],"replies":[{"embeddable":true,"href":"https:\/\/cliniqueinternationale-agadir.com\/index.php\/wp-json\/wp\/v2\/comments?post=50"}],"version-history":[{"count":5,"href":"https:\/\/cliniqueinternationale-agadir.com\/index.php\/wp-json\/wp\/v2\/pages\/50\/revisions"}],"predecessor-version":[{"id":95,"href":"https:\/\/cliniqueinternationale-agadir.com\/index.php\/wp-json\/wp\/v2\/pages\/50\/revisions\/95"}],"wp:attachment":[{"href":"https:\/\/cliniqueinternationale-agadir.com\/index.php\/wp-json\/wp\/v2\/media?parent=50"}],"curies":[{"name":"wp","href":"https:\/\/api.w.org\/{rel}","templated":true}]}}